{"id":1072,"date":"2020-06-23T18:06:56","date_gmt":"2020-06-23T16:06:56","guid":{"rendered":"https:\/\/radiatasparadise.es\/?page_id=1072"},"modified":"2020-06-23T18:06:56","modified_gmt":"2020-06-23T16:06:56","slug":"enfermedades","status":"publish","type":"page","link":"https:\/\/radiatasparadise.es\/en\/sobre-astrochelys-radiata\/enfermedades\/","title":{"rendered":"Enfermedades"},"content":{"rendered":"\n<ul class=\"wp-block-list\"><li><strong>Gusanos<\/strong>: pueden aparecer con la comida recolectada, otros animales como perros o nuevas tortugas reci\u00e9n integradas sin haber pasado por la cuarentena .Pueden ser detectados mediante un examen coprol\u00f3gico microsc\u00f3pico.<\/li><li><strong>Flagelados<\/strong>: se multiplican en estados carenciales o aparici\u00f3n de estr\u00e9s (por ejemplo por viajar, fallos en el cuidado o nuevos integrantes en el grupo).<\/li><li><strong>Estr\u00e9s<\/strong>: falta de lugares de puesta, mal ambiente o condiciones, \u00e9poca de copulaci\u00f3n, cambio de ubicaci\u00f3n, malos cuidados o enfermedades, hacinamiento, etc\u2026<\/li><\/ul>\n","protected":false},"excerpt":{"rendered":"<p>Gusanos: pueden aparecer con la comida recolectada, otros animales como perros o nuevas tortugas reci\u00e9n integradas sin haber pasado por la cuarentena .Pueden ser detectados mediante un examen coprol\u00f3gico microsc\u00f3pico. Flagelados: se multiplican en estados carenciales o aparici\u00f3n de estr\u00e9s (por ejemplo por viajar, fallos en el cuidado o nuevos integrantes en el grupo). Estr\u00e9s: &hellip;<\/p>\n<p class=\"read-more\"> <a class=\"\" href=\"https:\/\/radiatasparadise.es\/en\/sobre-astrochelys-radiata\/enfermedades\/\"> <span class=\"screen-reader-text\">Enfermedades<\/span> Read More &raquo;<\/a><\/p>\n","protected":false},"author":1,"featured_media":0,"parent":1045,"menu_order":0,"comment_status":"closed","ping_status":"closed","template":"","meta":{"_acf_changed":false,"_uag_custom_page_level_css":"","footnotes":""},"class_list":["post-1072","page","type-page","status-publish","hentry"],"acf":[],"uagb_featured_image_src":{"full":false,"thumbnail":false,"medium":false,"medium_large":false,"large":false,"1536x1536":false,"2048x2048":false},"uagb_author_info":{"display_name":"radiadmin","author_link":"https:\/\/radiatasparadise.es\/en\/author\/radiadmin\/"},"uagb_comment_info":0,"uagb_excerpt":"Gusanos: pueden aparecer con la comida recolectada, otros animales como perros o nuevas tortugas reci\u00e9n integradas sin haber pasado por la cuarentena .Pueden ser detectados mediante un examen coprol\u00f3gico microsc\u00f3pico. Flagelados: se multiplican en estados carenciales o aparici\u00f3n de estr\u00e9s (por ejemplo por viajar, fallos en el cuidado o nuevos integrantes en el grupo). Estr\u00e9s:&hellip;","_links":{"self":[{"href":"https:\/\/radiatasparadise.es\/en\/wp-json\/wp\/v2\/pages\/1072","targetHints":{"allow":["GET"]}}],"collection":[{"href":"https:\/\/radiatasparadise.es\/en\/wp-json\/wp\/v2\/pages"}],"about":[{"href":"https:\/\/radiatasparadise.es\/en\/wp-json\/wp\/v2\/types\/page"}],"author":[{"embeddable":true,"href":"https:\/\/radiatasparadise.es\/en\/wp-json\/wp\/v2\/users\/1"}],"replies":[{"embeddable":true,"href":"https:\/\/radiatasparadise.es\/en\/wp-json\/wp\/v2\/comments?post=1072"}],"version-history":[{"count":1,"href":"https:\/\/radiatasparadise.es\/en\/wp-json\/wp\/v2\/pages\/1072\/revisions"}],"predecessor-version":[{"id":1073,"href":"https:\/\/radiatasparadise.es\/en\/wp-json\/wp\/v2\/pages\/1072\/revisions\/1073"}],"up":[{"embeddable":true,"href":"https:\/\/radiatasparadise.es\/en\/wp-json\/wp\/v2\/pages\/1045"}],"wp:attachment":[{"href":"https:\/\/radiatasparadise.es\/en\/wp-json\/wp\/v2\/media?parent=1072"}],"curies":[{"name":"wp","href":"https:\/\/api.w.org\/{rel}","templated":true}]}}