{"id":1055,"date":"2020-06-23T17:55:03","date_gmt":"2020-06-23T15:55:03","guid":{"rendered":"https:\/\/radiatasparadise.es\/?page_id=1055"},"modified":"2020-07-21T10:14:48","modified_gmt":"2020-07-21T08:14:48","slug":"alimentacion","status":"publish","type":"page","link":"https:\/\/radiatasparadise.es\/en\/sobre-astrochelys-radiata\/alimentacion\/","title":{"rendered":"Alimentaci\u00f3n"},"content":{"rendered":"\n<p>La mejor experiencia que hemos tenido ha sido con las hojas de parra de nuestras propias enredaderas. Cada vez intentamos comprar menos , y cultivar nosotros mismos el alimento para las tortugas.<\/p>\n\n\n\n<p>Tambi\u00e9n gustan de las hojas de morera y de otros \u00e1rboles. El \u00e9xito alimentario se puede apreciar en un correcto crecimiento, en la forma de las deposiciones y mediante un estudio coprol\u00f3gico microsc\u00f3pico que nuestro veterinario practica regularmente.<\/p>\n\n\n\n<div class=\"wp-block-columns alignwide is-layout-flex wp-container-core-columns-is-layout-9d6595d7 wp-block-columns-is-layout-flex\">\n<div class=\"wp-block-column is-layout-flow wp-block-column-is-layout-flow\">\n<div class=\"wp-block-image\"><figure class=\"alignleft size-large\"><img loading=\"lazy\" decoding=\"async\" width=\"1024\" height=\"498\" src=\"https:\/\/radiatasparadise.es\/wp-content\/uploads\/2020\/06\/poop1-20181124_145643-1024x498.jpg\" alt=\"\" class=\"wp-image-1056\" srcset=\"https:\/\/radiatasparadise.es\/wp-content\/uploads\/2020\/06\/poop1-20181124_145643-1024x498.jpg 1024w, https:\/\/radiatasparadise.es\/wp-content\/uploads\/2020\/06\/poop1-20181124_145643-600x292.jpg 600w, https:\/\/radiatasparadise.es\/wp-content\/uploads\/2020\/06\/poop1-20181124_145643-300x146.jpg 300w, https:\/\/radiatasparadise.es\/wp-content\/uploads\/2020\/06\/poop1-20181124_145643-768x373.jpg 768w, https:\/\/radiatasparadise.es\/wp-content\/uploads\/2020\/06\/poop1-20181124_145643-1536x747.jpg 1536w, https:\/\/radiatasparadise.es\/wp-content\/uploads\/2020\/06\/poop1-20181124_145643-2048x995.jpg 2048w\" sizes=\"auto, (max-width: 1024px) 100vw, 1024px\" \/><\/figure><\/div>\n<\/div>\n\n\n\n<div class=\"wp-block-column is-layout-flow wp-block-column-is-layout-flow\">\n<figure class=\"wp-block-image size-large\"><img loading=\"lazy\" decoding=\"async\" width=\"1024\" height=\"498\" src=\"https:\/\/radiatasparadise.es\/wp-content\/uploads\/2020\/06\/poop2-20181203_152955-1024x498.jpg\" alt=\"\" class=\"wp-image-1057\" srcset=\"https:\/\/radiatasparadise.es\/wp-content\/uploads\/2020\/06\/poop2-20181203_152955-1024x498.jpg 1024w, https:\/\/radiatasparadise.es\/wp-content\/uploads\/2020\/06\/poop2-20181203_152955-600x292.jpg 600w, https:\/\/radiatasparadise.es\/wp-content\/uploads\/2020\/06\/poop2-20181203_152955-300x146.jpg 300w, https:\/\/radiatasparadise.es\/wp-content\/uploads\/2020\/06\/poop2-20181203_152955-768x373.jpg 768w, https:\/\/radiatasparadise.es\/wp-content\/uploads\/2020\/06\/poop2-20181203_152955-1536x747.jpg 1536w, https:\/\/radiatasparadise.es\/wp-content\/uploads\/2020\/06\/poop2-20181203_152955-2048x995.jpg 2048w\" sizes=\"auto, (max-width: 1024px) 100vw, 1024px\" \/><\/figure>\n<\/div>\n<\/div>\n\n\n\n<p>A los animales adultos se les ofrece varias veces al d\u00eda agua fresca, las cr\u00edas se ba\u00f1an cada 1-2 d\u00edas ya que si no en sus cuencos de agua se acumula demasiadas deposiciones.<\/p>\n\n\n\n<figure class=\"wp-block-gallery alignfull columns-3 is-cropped wp-block-gallery-1 is-layout-flex wp-block-gallery-is-layout-flex\"><ul class=\"blocks-gallery-grid\"><li class=\"blocks-gallery-item\"><figure><img loading=\"lazy\" decoding=\"async\" width=\"1024\" height=\"576\" src=\"https:\/\/radiatasparadise.es\/wp-content\/uploads\/2020\/06\/comida1-1024x576.jpg\" alt=\"\" data-id=\"1060\" data-full-url=\"https:\/\/radiatasparadise.es\/wp-content\/uploads\/2020\/06\/comida1.jpg\" data-link=\"https:\/\/radiatasparadise.es\/alimentacion\/comida1\/\" class=\"wp-image-1060\" srcset=\"https:\/\/radiatasparadise.es\/wp-content\/uploads\/2020\/06\/comida1-1024x576.jpg 1024w, https:\/\/radiatasparadise.es\/wp-content\/uploads\/2020\/06\/comida1-600x338.jpg 600w, https:\/\/radiatasparadise.es\/wp-content\/uploads\/2020\/06\/comida1-300x169.jpg 300w, https:\/\/radiatasparadise.es\/wp-content\/uploads\/2020\/06\/comida1-768x432.jpg 768w, https:\/\/radiatasparadise.es\/wp-content\/uploads\/2020\/06\/comida1-1536x864.jpg 1536w, https:\/\/radiatasparadise.es\/wp-content\/uploads\/2020\/06\/comida1-2048x1152.jpg 2048w\" sizes=\"auto, (max-width: 1024px) 100vw, 1024px\" \/><\/figure><\/li><li class=\"blocks-gallery-item\"><figure><img loading=\"lazy\" decoding=\"async\" width=\"1024\" height=\"576\" src=\"https:\/\/radiatasparadise.es\/wp-content\/uploads\/2020\/06\/comida2-1024x576.jpg\" alt=\"\" data-id=\"1061\" data-full-url=\"https:\/\/radiatasparadise.es\/wp-content\/uploads\/2020\/06\/comida2.jpg\" data-link=\"https:\/\/radiatasparadise.es\/alimentacion\/comida2\/\" class=\"wp-image-1061\" srcset=\"https:\/\/radiatasparadise.es\/wp-content\/uploads\/2020\/06\/comida2-1024x576.jpg 1024w, https:\/\/radiatasparadise.es\/wp-content\/uploads\/2020\/06\/comida2-600x338.jpg 600w, https:\/\/radiatasparadise.es\/wp-content\/uploads\/2020\/06\/comida2-300x169.jpg 300w, https:\/\/radiatasparadise.es\/wp-content\/uploads\/2020\/06\/comida2-768x432.jpg 768w, https:\/\/radiatasparadise.es\/wp-content\/uploads\/2020\/06\/comida2-1536x864.jpg 1536w, https:\/\/radiatasparadise.es\/wp-content\/uploads\/2020\/06\/comida2-2048x1152.jpg 2048w\" sizes=\"auto, (max-width: 1024px) 100vw, 1024px\" \/><\/figure><\/li><li class=\"blocks-gallery-item\"><figure><img loading=\"lazy\" decoding=\"async\" width=\"1024\" height=\"576\" src=\"https:\/\/radiatasparadise.es\/wp-content\/uploads\/2020\/06\/comida3-1024x576.jpg\" alt=\"\" data-id=\"1062\" data-full-url=\"https:\/\/radiatasparadise.es\/wp-content\/uploads\/2020\/06\/comida3.jpg\" data-link=\"https:\/\/radiatasparadise.es\/alimentacion\/comida3\/\" class=\"wp-image-1062\" srcset=\"https:\/\/radiatasparadise.es\/wp-content\/uploads\/2020\/06\/comida3-1024x576.jpg 1024w, https:\/\/radiatasparadise.es\/wp-content\/uploads\/2020\/06\/comida3-600x338.jpg 600w, https:\/\/radiatasparadise.es\/wp-content\/uploads\/2020\/06\/comida3-300x169.jpg 300w, https:\/\/radiatasparadise.es\/wp-content\/uploads\/2020\/06\/comida3-768x432.jpg 768w, https:\/\/radiatasparadise.es\/wp-content\/uploads\/2020\/06\/comida3-1536x864.jpg 1536w, https:\/\/radiatasparadise.es\/wp-content\/uploads\/2020\/06\/comida3-2048x1152.jpg 2048w\" sizes=\"auto, (max-width: 1024px) 100vw, 1024px\" \/><\/figure><\/li><\/ul><\/figure>\n","protected":false},"excerpt":{"rendered":"<p>La mejor experiencia que hemos tenido ha sido con las hojas de parra de nuestras propias enredaderas. Cada vez intentamos comprar menos , y cultivar nosotros mismos el alimento para las tortugas. Tambi\u00e9n gustan de las hojas de morera y de otros \u00e1rboles. El \u00e9xito alimentario se puede apreciar en un correcto crecimiento, en la &hellip;<\/p>\n<p class=\"read-more\"> <a class=\"\" href=\"https:\/\/radiatasparadise.es\/en\/sobre-astrochelys-radiata\/alimentacion\/\"> <span class=\"screen-reader-text\">Alimentaci\u00f3n<\/span> Read More &raquo;<\/a><\/p>\n","protected":false},"author":1,"featured_media":0,"parent":1045,"menu_order":0,"comment_status":"closed","ping_status":"closed","template":"","meta":{"_acf_changed":false,"_uag_custom_page_level_css":"","footnotes":""},"class_list":["post-1055","page","type-page","status-publish","hentry"],"acf":[],"uagb_featured_image_src":{"full":false,"thumbnail":false,"medium":false,"medium_large":false,"large":false,"1536x1536":false,"2048x2048":false},"uagb_author_info":{"display_name":"radiadmin","author_link":"https:\/\/radiatasparadise.es\/en\/author\/radiadmin\/"},"uagb_comment_info":0,"uagb_excerpt":"La mejor experiencia que hemos tenido ha sido con las hojas de parra de nuestras propias enredaderas. Cada vez intentamos comprar menos , y cultivar nosotros mismos el alimento para las tortugas. Tambi\u00e9n gustan de las hojas de morera y de otros \u00e1rboles. El \u00e9xito alimentario se puede apreciar en un correcto crecimiento, en la&hellip;","_links":{"self":[{"href":"https:\/\/radiatasparadise.es\/en\/wp-json\/wp\/v2\/pages\/1055","targetHints":{"allow":["GET"]}}],"collection":[{"href":"https:\/\/radiatasparadise.es\/en\/wp-json\/wp\/v2\/pages"}],"about":[{"href":"https:\/\/radiatasparadise.es\/en\/wp-json\/wp\/v2\/types\/page"}],"author":[{"embeddable":true,"href":"https:\/\/radiatasparadise.es\/en\/wp-json\/wp\/v2\/users\/1"}],"replies":[{"embeddable":true,"href":"https:\/\/radiatasparadise.es\/en\/wp-json\/wp\/v2\/comments?post=1055"}],"version-history":[{"count":7,"href":"https:\/\/radiatasparadise.es\/en\/wp-json\/wp\/v2\/pages\/1055\/revisions"}],"predecessor-version":[{"id":1256,"href":"https:\/\/radiatasparadise.es\/en\/wp-json\/wp\/v2\/pages\/1055\/revisions\/1256"}],"up":[{"embeddable":true,"href":"https:\/\/radiatasparadise.es\/en\/wp-json\/wp\/v2\/pages\/1045"}],"wp:attachment":[{"href":"https:\/\/radiatasparadise.es\/en\/wp-json\/wp\/v2\/media?parent=1055"}],"curies":[{"name":"wp","href":"https:\/\/api.w.org\/{rel}","templated":true}]}}