{"id":1051,"date":"2020-06-23T17:49:54","date_gmt":"2020-06-23T15:49:54","guid":{"rendered":"https:\/\/radiatasparadise.es\/?page_id=1051"},"modified":"2020-06-23T19:56:50","modified_gmt":"2020-06-23T17:56:50","slug":"mantenimiento-en-cautividad","status":"publish","type":"page","link":"https:\/\/radiatasparadise.es\/en\/sobre-astrochelys-radiata\/mantenimiento-en-cautividad\/","title":{"rendered":"Mantenimiento en Cautividad"},"content":{"rendered":"\n<div class=\"wp-block-image\"><figure class=\"alignright size-large\"><img loading=\"lazy\" decoding=\"async\" width=\"389\" height=\"800\" src=\"https:\/\/radiatasparadise.es\/wp-content\/uploads\/2020\/06\/2-red.jpg\" alt=\"\" class=\"wp-image-1052\" srcset=\"https:\/\/radiatasparadise.es\/wp-content\/uploads\/2020\/06\/2-red.jpg 389w, https:\/\/radiatasparadise.es\/wp-content\/uploads\/2020\/06\/2-red-146x300.jpg 146w\" sizes=\"auto, (max-width: 389px) 100vw, 389px\" \/><\/figure><\/div>\n\n\n\n<p>Para el correcto mantenimiento les he preparado una superficie de 150 m\u00b2 que se divide en una zona al aire libre, una zona cubierta y una caseta acondicionada. La zona al aire libre y cubierta contiene un suelo natural de tierra y piedras.<\/p>\n\n\n\n<p>Hay 2-3 zonas sin piedras y se ha cambiado el suelo natural por turba, que se humidifica y se remueve constantemente para que as\u00ed la hembra pueda poner sus huevos.<\/p>\n\n\n\n<p>La zona al aire libre tambi\u00e9n sirve para que las tortugas puedan asolearse; tambi\u00e9n tiene un toldo que aqu\u00ed en el sur de Espa\u00f1a es muy importante para que en verano y en las horas fuertes de sol no se deshidraten.<\/p>\n\n\n\n<p>La zona cubierta se encuentra en una esquina para que las tortugas se puedan esconder de los fuertes vientos.<\/p>\n\n\n\n<p>El tejado de la caseta est\u00e1 hecho en parte de hormig\u00f3n (donde en un futuro se montar\u00e1 un sistema de &nbsp;placas solares) y en parte de triple capa de metacrilato.Gracias a la zona de metacrilato la caseta se puede calentar con muy poca radiaci\u00f3n solar hasta m\u00e1s de 30 grados cent\u00edgrados. En verano se tapan estas zonas con brezo para as\u00ed evitar un sobrecalentamiento en el interior.<\/p>\n\n\n\n<p>Se puede controlar muy bien la temperatura al mover las capas de brezo. El suelo dentro de la caseta es de baldosas y puede limpiarse y desinfectarse con facilidad.<\/p>\n\n\n\n<p>Tambi\u00e9n podemos ver algunos recintos especiales para las cr\u00edas o animales j\u00f3venes dentro de la caseta, de este modo no existe un gasto extra de energ\u00eda y espacio para las cr\u00edas.<\/p>\n\n\n\n<p>En \u00e9pocas de frio y de noche el aire se calienta mediante una placa t\u00e9rmica infrarroja, actualmente es la forma m\u00e1s econ\u00f3mica de calentar la casa. Las paredes est\u00e1n forradas de azulejos que ascienden unos 15 cm a lo largo de la pared para que as\u00ed las tortugas no puedan rozar su caparaz\u00f3n.<\/p>\n\n\n\n<p>La instalaci\u00f3n completa esta abastecida por dos suministros diferentes de agua corriente.<\/p>\n\n\n\n<figure class=\"wp-block-image alignfull size-large\"><img loading=\"lazy\" decoding=\"async\" width=\"1024\" height=\"576\" src=\"https:\/\/radiatasparadise.es\/wp-content\/uploads\/2020\/06\/2-2018-12-17-17.28.20-1024x576.jpg\" alt=\"\" class=\"wp-image-1053\" srcset=\"https:\/\/radiatasparadise.es\/wp-content\/uploads\/2020\/06\/2-2018-12-17-17.28.20-1024x576.jpg 1024w, https:\/\/radiatasparadise.es\/wp-content\/uploads\/2020\/06\/2-2018-12-17-17.28.20-600x338.jpg 600w, https:\/\/radiatasparadise.es\/wp-content\/uploads\/2020\/06\/2-2018-12-17-17.28.20-300x169.jpg 300w, https:\/\/radiatasparadise.es\/wp-content\/uploads\/2020\/06\/2-2018-12-17-17.28.20-768x432.jpg 768w, https:\/\/radiatasparadise.es\/wp-content\/uploads\/2020\/06\/2-2018-12-17-17.28.20.jpg 1280w\" sizes=\"auto, (max-width: 1024px) 100vw, 1024px\" \/><\/figure>\n","protected":false},"excerpt":{"rendered":"<p>Para el correcto mantenimiento les he preparado una superficie de 150 m\u00b2 que se divide en una zona al aire libre, una zona cubierta y una caseta acondicionada. La zona al aire libre y cubierta contiene un suelo natural de tierra y piedras. Hay 2-3 zonas sin piedras y se ha cambiado el suelo natural &hellip;<\/p>\n<p class=\"read-more\"> <a class=\"\" href=\"https:\/\/radiatasparadise.es\/en\/sobre-astrochelys-radiata\/mantenimiento-en-cautividad\/\"> <span class=\"screen-reader-text\">Mantenimiento en Cautividad<\/span> Read More &raquo;<\/a><\/p>\n","protected":false},"author":1,"featured_media":0,"parent":1045,"menu_order":0,"comment_status":"closed","ping_status":"closed","template":"","meta":{"_acf_changed":false,"_uag_custom_page_level_css":"","footnotes":""},"class_list":["post-1051","page","type-page","status-publish","hentry"],"acf":[],"uagb_featured_image_src":{"full":false,"thumbnail":false,"medium":false,"medium_large":false,"large":false,"1536x1536":false,"2048x2048":false},"uagb_author_info":{"display_name":"radiadmin","author_link":"https:\/\/radiatasparadise.es\/en\/author\/radiadmin\/"},"uagb_comment_info":0,"uagb_excerpt":"Para el correcto mantenimiento les he preparado una superficie de 150 m\u00b2 que se divide en una zona al aire libre, una zona cubierta y una caseta acondicionada. La zona al aire libre y cubierta contiene un suelo natural de tierra y piedras. Hay 2-3 zonas sin piedras y se ha cambiado el suelo natural&hellip;","_links":{"self":[{"href":"https:\/\/radiatasparadise.es\/en\/wp-json\/wp\/v2\/pages\/1051","targetHints":{"allow":["GET"]}}],"collection":[{"href":"https:\/\/radiatasparadise.es\/en\/wp-json\/wp\/v2\/pages"}],"about":[{"href":"https:\/\/radiatasparadise.es\/en\/wp-json\/wp\/v2\/types\/page"}],"author":[{"embeddable":true,"href":"https:\/\/radiatasparadise.es\/en\/wp-json\/wp\/v2\/users\/1"}],"replies":[{"embeddable":true,"href":"https:\/\/radiatasparadise.es\/en\/wp-json\/wp\/v2\/comments?post=1051"}],"version-history":[{"count":2,"href":"https:\/\/radiatasparadise.es\/en\/wp-json\/wp\/v2\/pages\/1051\/revisions"}],"predecessor-version":[{"id":1101,"href":"https:\/\/radiatasparadise.es\/en\/wp-json\/wp\/v2\/pages\/1051\/revisions\/1101"}],"up":[{"embeddable":true,"href":"https:\/\/radiatasparadise.es\/en\/wp-json\/wp\/v2\/pages\/1045"}],"wp:attachment":[{"href":"https:\/\/radiatasparadise.es\/en\/wp-json\/wp\/v2\/media?parent=1051"}],"curies":[{"name":"wp","href":"https:\/\/api.w.org\/{rel}","templated":true}]}}