{"id":1066,"date":"2020-06-23T18:04:09","date_gmt":"2020-06-23T16:04:09","guid":{"rendered":"https:\/\/radiatasparadise.es\/?page_id=1066"},"modified":"2020-07-21T09:54:18","modified_gmt":"2020-07-21T07:54:18","slug":"diferenciacion-del-sexo","status":"publish","type":"page","link":"https:\/\/radiatasparadise.es\/de\/sobre-astrochelys-radiata\/diferenciacion-del-sexo\/","title":{"rendered":"Diferenciaci\u00f3n del Sexo"},"content":{"rendered":"\n<figure class=\"wp-block-image alignwide size-large\"><img loading=\"lazy\" decoding=\"async\" width=\"1024\" height=\"576\" src=\"https:\/\/radiatasparadise.es\/wp-content\/uploads\/2020\/06\/macho1-1024x576.jpg\" alt=\"\" class=\"wp-image-1067\" srcset=\"https:\/\/radiatasparadise.es\/wp-content\/uploads\/2020\/06\/macho1-1024x576.jpg 1024w, https:\/\/radiatasparadise.es\/wp-content\/uploads\/2020\/06\/macho1-600x338.jpg 600w, https:\/\/radiatasparadise.es\/wp-content\/uploads\/2020\/06\/macho1-300x169.jpg 300w, https:\/\/radiatasparadise.es\/wp-content\/uploads\/2020\/06\/macho1-768x432.jpg 768w, https:\/\/radiatasparadise.es\/wp-content\/uploads\/2020\/06\/macho1.jpg 1280w\" sizes=\"auto, (max-width: 1024px) 100vw, 1024px\" \/><figcaption>Tortuga Macho<\/figcaption><\/figure>\n\n\n\n<p>Los machos se diferencian de las hembras por la forma&nbsp;<strong>c\u00f3ncava del plastr\u00f3n<\/strong>&nbsp;y una&nbsp;<strong>cola m\u00e1s larga y ancha<\/strong>. Los machos tambi\u00e9n pueden disponer de unas placas gulares m\u00e1s amplias. Otra diferencia es que las placas anales de &nbsp;los machos pueden ser m\u00e1s amplias que las de las hembras.<\/p>\n\n\n\n<figure class=\"wp-block-image alignwide size-large\"><img loading=\"lazy\" decoding=\"async\" width=\"1024\" height=\"576\" src=\"https:\/\/radiatasparadise.es\/wp-content\/uploads\/2020\/06\/macho-hembra-1024x576.jpg\" alt=\"Tortuga hembra y tortuga macho\" class=\"wp-image-1068\" srcset=\"https:\/\/radiatasparadise.es\/wp-content\/uploads\/2020\/06\/macho-hembra-1024x576.jpg 1024w, https:\/\/radiatasparadise.es\/wp-content\/uploads\/2020\/06\/macho-hembra-600x338.jpg 600w, https:\/\/radiatasparadise.es\/wp-content\/uploads\/2020\/06\/macho-hembra-300x169.jpg 300w, https:\/\/radiatasparadise.es\/wp-content\/uploads\/2020\/06\/macho-hembra-768x432.jpg 768w, https:\/\/radiatasparadise.es\/wp-content\/uploads\/2020\/06\/macho-hembra.jpg 1280w\" sizes=\"auto, (max-width: 1024px) 100vw, 1024px\" \/><figcaption>A la izquierda hembra y a la derecha macho<\/figcaption><\/figure>\n\n\n\n<p><\/p>\n","protected":false},"excerpt":{"rendered":"<p>Los machos se diferencian de las hembras por la forma&nbsp;c\u00f3ncava del plastr\u00f3n&nbsp;y una&nbsp;cola m\u00e1s larga y ancha. Los machos tambi\u00e9n pueden disponer de unas placas gulares m\u00e1s amplias. Otra diferencia es que las placas anales de &nbsp;los machos pueden ser m\u00e1s amplias que las de las hembras.<\/p>\n","protected":false},"author":1,"featured_media":0,"parent":1045,"menu_order":0,"comment_status":"closed","ping_status":"closed","template":"","meta":{"_acf_changed":false,"_uag_custom_page_level_css":"","footnotes":""},"class_list":["post-1066","page","type-page","status-publish","hentry"],"acf":[],"uagb_featured_image_src":{"full":false,"thumbnail":false,"medium":false,"medium_large":false,"large":false,"1536x1536":false,"2048x2048":false},"uagb_author_info":{"display_name":"radiadmin","author_link":"https:\/\/radiatasparadise.es\/de\/author\/radiadmin\/"},"uagb_comment_info":0,"uagb_excerpt":"Los machos se diferencian de las hembras por la forma&nbsp;c\u00f3ncava del plastr\u00f3n&nbsp;y una&nbsp;cola m\u00e1s larga y ancha. Los machos tambi\u00e9n pueden disponer de unas placas gulares m\u00e1s amplias. Otra diferencia es que las placas anales de &nbsp;los machos pueden ser m\u00e1s amplias que las de las hembras.","_links":{"self":[{"href":"https:\/\/radiatasparadise.es\/de\/wp-json\/wp\/v2\/pages\/1066","targetHints":{"allow":["GET"]}}],"collection":[{"href":"https:\/\/radiatasparadise.es\/de\/wp-json\/wp\/v2\/pages"}],"about":[{"href":"https:\/\/radiatasparadise.es\/de\/wp-json\/wp\/v2\/types\/page"}],"author":[{"embeddable":true,"href":"https:\/\/radiatasparadise.es\/de\/wp-json\/wp\/v2\/users\/1"}],"replies":[{"embeddable":true,"href":"https:\/\/radiatasparadise.es\/de\/wp-json\/wp\/v2\/comments?post=1066"}],"version-history":[{"count":3,"href":"https:\/\/radiatasparadise.es\/de\/wp-json\/wp\/v2\/pages\/1066\/revisions"}],"predecessor-version":[{"id":1250,"href":"https:\/\/radiatasparadise.es\/de\/wp-json\/wp\/v2\/pages\/1066\/revisions\/1250"}],"up":[{"embeddable":true,"href":"https:\/\/radiatasparadise.es\/de\/wp-json\/wp\/v2\/pages\/1045"}],"wp:attachment":[{"href":"https:\/\/radiatasparadise.es\/de\/wp-json\/wp\/v2\/media?parent=1066"}],"curies":[{"name":"wp","href":"https:\/\/api.w.org\/{rel}","templated":true}]}}