{"id":1047,"date":"2020-06-23T17:46:52","date_gmt":"2020-06-23T15:46:52","guid":{"rendered":"https:\/\/radiatasparadise.es\/?page_id=1047"},"modified":"2020-06-25T10:24:43","modified_gmt":"2020-06-25T08:24:43","slug":"descripcion-de-la-especie","status":"publish","type":"page","link":"https:\/\/radiatasparadise.es\/de\/sobre-astrochelys-radiata\/descripcion-de-la-especie\/","title":{"rendered":"Descripci\u00f3n de la especie"},"content":{"rendered":"\n<p>La tortuga estrellada de Madagascar (Astrochelys radiata) tiene su origen en el territorio Malgache, sur de Madagscar. Desciende de las tortugas end\u00e9micas de tierra Malgache, que anteriormente pertenec\u00edan al g\u00e9nero &nbsp; Geochelone.<\/p>\n\n\n\n<p>Tiene un peso medio entre 10-14 kg. y mide entre 30-40 cm, aunque las hembras suelen ser de menor tama\u00f1o.<\/p>\n\n\n\n<p>Tiene un caparaz\u00f3n abombado con dibujo estrellado que le da su nombre.<\/p>\n\n\n\n<p>Los animales j\u00f3venes tienen el dibujo m\u00e1s resaltado y con los a\u00f1os se ir\u00e1 aclarando y suavizando.<\/p>\n\n\n\n<p>Este tipo de Tortuga es conocido por ser muy pac\u00edfico con sus cong\u00e9neres. Por eso se pueden mantener varios machos juntos. Tampoco suele mostrar el instinto agresivo que tienen otras tortugas a la hora de aparearse como morder las patas delanteras y traseras.<\/p>\n\n\n\n<p>Son tortugas curiosas y amistosas que no tienen miedo del ser humano.<\/p>\n\n\n\n<p>Su zona de origen es el sur y suroeste de Madagascar, donde predomina un ambiente seco y un paisaje mayoritariarmente zona de matorral malgache.<\/p>\n\n\n\n<p>La zona m\u00e1s frecuentada por esta especie de tortuga es entre el rio Onilahy (suroeste de Tulear) y el pueblo de Antaritarika (al oeste de Cabo Saint Marie) en un rango de 100 kil\u00f3metros paralelo a la costa.<\/p>\n\n\n\n<p>La zona m\u00e1s poblada es &nbsp;Mahafaly y &nbsp;las Karimbolaplateau.<\/p>\n\n\n\n<section class=\"wp-block-uagb-columns uagb-columns__wrap uagb-columns__background-undefined uagb-columns__stack-mobile uagb-columns__valign-undefined uagb-columns__gap-10 alignundefined uagb-block-3bdfcad7\"><div class=\"uagb-columns__overlay\"><\/div><div class=\"uagb-columns__inner-wrap uagb-columns__columns-2\">\n<div class=\"wp-block-uagb-column uagb-column__wrap uagb-column__background-undefined uagb-block-42597dbe\"><div class=\"uagb-column__overlay\"><\/div><div class=\"uagb-column__inner-wrap\">\n<div class=\"wp-block-cover has-background-dim\" style=\"background-image:url(https:\/\/radiatasparadise.es\/wp-content\/uploads\/2020\/06\/1-0-0-0-0-1545063416.jpg)\"><div class=\"wp-block-cover__inner-container is-layout-flow wp-block-cover-is-layout-flow\">\n<p class=\"has-text-align-center has-large-font-size\"><\/p>\n<\/div><\/div>\n\n\n\n<p><\/p>\n<\/div><\/div>\n\n\n\n<div class=\"wp-block-uagb-column uagb-column__wrap uagb-column__background-undefined uagb-block-be7a7863\"><div class=\"uagb-column__overlay\"><\/div><div class=\"uagb-column__inner-wrap\">\n<div class=\"wp-block-cover has-background-dim\" style=\"background-image:url(https:\/\/radiatasparadise.es\/wp-content\/uploads\/2020\/06\/1b-0-0-0-0-1545063777.jpg)\"><div class=\"wp-block-cover__inner-container is-layout-flow wp-block-cover-is-layout-flow\">\n<p class=\"has-text-align-center has-large-font-size\"><\/p>\n<\/div><\/div>\n\n\n\n<p><\/p>\n<\/div><\/div>\n<\/div><\/section>\n\n\n\n<p><strong>Estado de conservaci\u00f3n<\/strong>. Especie en peligro de extinci\u00f3n seg\u00fan la IUCN . Adem\u00e1s de su caza, la destrucci\u00f3n de su h\u00e1bitat natural por &nbsp;deforestaci\u00f3n, sobrepastoreo y la producci\u00f3n de carb\u00f3n son los principales motivos de extinci\u00f3n de la tortuga estrellada. La IUCN calcula una duraci\u00f3n de 42 a\u00f1os en la regeneraci\u00f3n generacional de la especie. En un periodo de tiempo de 67 a\u00f1os, que contiene menos de 2 generaciones, habr\u00e1 desaparecido el 40% del h\u00e1bitat. Con estos datos tendremos en cuenta que la especie habr\u00e1 desaparecido dentro de &nbsp;unos 45 a\u00f1os.<\/p>\n","protected":false},"excerpt":{"rendered":"<p>La tortuga estrellada de Madagascar (Astrochelys radiata) tiene su origen en el territorio Malgache, sur de Madagscar. Desciende de las tortugas end\u00e9micas de tierra Malgache, que anteriormente pertenec\u00edan al g\u00e9nero &nbsp; Geochelone. Tiene un peso medio entre 10-14 kg. y mide entre 30-40 cm, aunque las hembras suelen ser de menor tama\u00f1o. Tiene un caparaz\u00f3n &hellip;<\/p>\n<p class=\"read-more\"> <a class=\"\" href=\"https:\/\/radiatasparadise.es\/de\/sobre-astrochelys-radiata\/descripcion-de-la-especie\/\"> <span class=\"screen-reader-text\">Descripci\u00f3n de la especie<\/span> Weiterlesen &raquo;<\/a><\/p>\n","protected":false},"author":1,"featured_media":0,"parent":1045,"menu_order":0,"comment_status":"closed","ping_status":"closed","template":"","meta":{"_acf_changed":false,"_uag_custom_page_level_css":"","footnotes":""},"class_list":["post-1047","page","type-page","status-publish","hentry"],"acf":[],"uagb_featured_image_src":{"full":false,"thumbnail":false,"medium":false,"medium_large":false,"large":false,"1536x1536":false,"2048x2048":false},"uagb_author_info":{"display_name":"radiadmin","author_link":"https:\/\/radiatasparadise.es\/de\/author\/radiadmin\/"},"uagb_comment_info":0,"uagb_excerpt":"La tortuga estrellada de Madagascar (Astrochelys radiata) tiene su origen en el territorio Malgache, sur de Madagscar. Desciende de las tortugas end\u00e9micas de tierra Malgache, que anteriormente pertenec\u00edan al g\u00e9nero &nbsp; Geochelone. Tiene un peso medio entre 10-14 kg. y mide entre 30-40 cm, aunque las hembras suelen ser de menor tama\u00f1o. Tiene un caparaz\u00f3n&hellip;","_links":{"self":[{"href":"https:\/\/radiatasparadise.es\/de\/wp-json\/wp\/v2\/pages\/1047","targetHints":{"allow":["GET"]}}],"collection":[{"href":"https:\/\/radiatasparadise.es\/de\/wp-json\/wp\/v2\/pages"}],"about":[{"href":"https:\/\/radiatasparadise.es\/de\/wp-json\/wp\/v2\/types\/page"}],"author":[{"embeddable":true,"href":"https:\/\/radiatasparadise.es\/de\/wp-json\/wp\/v2\/users\/1"}],"replies":[{"embeddable":true,"href":"https:\/\/radiatasparadise.es\/de\/wp-json\/wp\/v2\/comments?post=1047"}],"version-history":[{"count":3,"href":"https:\/\/radiatasparadise.es\/de\/wp-json\/wp\/v2\/pages\/1047\/revisions"}],"predecessor-version":[{"id":1226,"href":"https:\/\/radiatasparadise.es\/de\/wp-json\/wp\/v2\/pages\/1047\/revisions\/1226"}],"up":[{"embeddable":true,"href":"https:\/\/radiatasparadise.es\/de\/wp-json\/wp\/v2\/pages\/1045"}],"wp:attachment":[{"href":"https:\/\/radiatasparadise.es\/de\/wp-json\/wp\/v2\/media?parent=1047"}],"curies":[{"name":"wp","href":"https:\/\/api.w.org\/{rel}","templated":true}]}}