{"id":1045,"date":"2020-06-23T17:18:02","date_gmt":"2020-06-23T15:18:02","guid":{"rendered":"https:\/\/radiatasparadise.es\/?page_id=1045"},"modified":"2020-06-25T10:56:45","modified_gmt":"2020-06-25T08:56:45","slug":"sobre-astrochelys-radiata","status":"publish","type":"page","link":"https:\/\/radiatasparadise.es\/de\/sobre-astrochelys-radiata\/","title":{"rendered":"Informaci\u00f3n de la especie Astrochelys Radiata"},"content":{"rendered":"\n<p>A Continuaci\u00f3n os presentamos informaci\u00f3n que hemos ido recopilando y descubriendo tras a\u00f1os de trabajo con las tortugas Radiata:<\/p>\n\n\n<ul class=\"list-pages-shortcode child-pages\"><li class=\"page_item page-item-1055 menu-item\"><a href=\"https:\/\/radiatasparadise.es\/de\/sobre-astrochelys-radiata\/alimentacion\/\">Alimentaci\u00f3n<\/a><\/li>\n<li class=\"page_item page-item-1257 menu-item\"><a href=\"https:\/\/radiatasparadise.es\/de\/sobre-astrochelys-radiata\/bibliografias-consultadas\/\">Bibliograf\u00edas consultadas<\/a><\/li>\n<li class=\"page_item page-item-1047 menu-item\"><a href=\"https:\/\/radiatasparadise.es\/de\/sobre-astrochelys-radiata\/descripcion-de-la-especie\/\">Descripci\u00f3n de la especie<\/a><\/li>\n<li class=\"page_item page-item-1066 menu-item\"><a href=\"https:\/\/radiatasparadise.es\/de\/sobre-astrochelys-radiata\/diferenciacion-del-sexo\/\">Diferenciaci\u00f3n del Sexo<\/a><\/li>\n<li class=\"page_item page-item-1051 menu-item\"><a href=\"https:\/\/radiatasparadise.es\/de\/sobre-astrochelys-radiata\/mantenimiento-en-cautividad\/\">Mantenimiento en Cautividad<\/a><\/li>\n<li class=\"page_item page-item-1070 menu-item\"><a href=\"https:\/\/radiatasparadise.es\/de\/sobre-astrochelys-radiata\/cria\/\">Cr\u00eda<\/a><\/li>\n<li class=\"page_item page-item-1072 menu-item\"><a href=\"https:\/\/radiatasparadise.es\/de\/sobre-astrochelys-radiata\/enfermedades\/\">Enfermedades<\/a><\/li>\n<\/ul>\n","protected":false},"excerpt":{"rendered":"<p>A Continuaci\u00f3n os presentamos informaci\u00f3n que hemos ido recopilando y descubriendo tras a\u00f1os de trabajo con las tortugas Radiata:<\/p>\n","protected":false},"author":1,"featured_media":0,"parent":0,"menu_order":0,"comment_status":"closed","ping_status":"closed","template":"","meta":{"_acf_changed":false,"_uag_custom_page_level_css":"","footnotes":""},"class_list":["post-1045","page","type-page","status-publish","hentry"],"acf":[],"uagb_featured_image_src":{"full":false,"thumbnail":false,"medium":false,"medium_large":false,"large":false,"1536x1536":false,"2048x2048":false},"uagb_author_info":{"display_name":"radiadmin","author_link":"https:\/\/radiatasparadise.es\/de\/author\/radiadmin\/"},"uagb_comment_info":0,"uagb_excerpt":"A Continuaci\u00f3n os presentamos informaci\u00f3n que hemos ido recopilando y descubriendo tras a\u00f1os de trabajo con las tortugas Radiata:","_links":{"self":[{"href":"https:\/\/radiatasparadise.es\/de\/wp-json\/wp\/v2\/pages\/1045","targetHints":{"allow":["GET"]}}],"collection":[{"href":"https:\/\/radiatasparadise.es\/de\/wp-json\/wp\/v2\/pages"}],"about":[{"href":"https:\/\/radiatasparadise.es\/de\/wp-json\/wp\/v2\/types\/page"}],"author":[{"embeddable":true,"href":"https:\/\/radiatasparadise.es\/de\/wp-json\/wp\/v2\/users\/1"}],"replies":[{"embeddable":true,"href":"https:\/\/radiatasparadise.es\/de\/wp-json\/wp\/v2\/comments?post=1045"}],"version-history":[{"count":5,"href":"https:\/\/radiatasparadise.es\/de\/wp-json\/wp\/v2\/pages\/1045\/revisions"}],"predecessor-version":[{"id":1230,"href":"https:\/\/radiatasparadise.es\/de\/wp-json\/wp\/v2\/pages\/1045\/revisions\/1230"}],"wp:attachment":[{"href":"https:\/\/radiatasparadise.es\/de\/wp-json\/wp\/v2\/media?parent=1045"}],"curies":[{"name":"wp","href":"https:\/\/api.w.org\/{rel}","templated":true}]}}